{"id":388,"date":"2024-12-17T16:37:19","date_gmt":"2024-12-17T16:37:19","guid":{"rendered":"https:\/\/www.statetrustlife.com\/?page_id=388"},"modified":"2025-04-25T21:56:49","modified_gmt":"2025-04-25T21:56:49","slug":"seguros-de-vida-univerdal","status":"publish","type":"page","link":"https:\/\/www.statetrustlife.com\/index.php\/seguros-de-vida-univerdal\/","title":{"rendered":"Seguros de vida univerdal"},"content":{"rendered":"<p>[et_pb_section fb_built=\u00bb1&#8243; admin_label=\u00bbHero section\u00bb _builder_version=\u00bb4.27.4&#8243; use_background_color_gradient=\u00bbon\u00bb background_color_gradient_stops=\u00bbrgba(38,171,228,0.77) 0%|rgba(0,44,67,0.8) 99%\u00bb background_color_gradient_overlays_image=\u00bbon\u00bb background_color_gradient_start=\u00bbrgba(150,105,97,0.67)\u00bb background_color_gradient_end=\u00bbrgba(2,0,76,0.84)\u00bb background_image=\u00bbhttps:\/\/www.statetrustlife.com\/wp-content\/uploads\/2024\/11\/home-bg-2.jpg\u00bb custom_margin=\u00bb|||\u00bb custom_padding=\u00bb1.2%|6%|1.2%|6%|false|false\u00bb global_colors_info=\u00bb{}\u00bb][et_pb_row _builder_version=\u00bb4.27.4&#8243; width=\u00bb100%\u00bb custom_margin=\u00bb|||\u00bb global_colors_info=\u00bb{}\u00bb][et_pb_column type=\u00bb4_4&#8243; _builder_version=\u00bb4.27.4&#8243; custom_padding=\u00bb1px|||\u00bb global_colors_info=\u00bb{}\u00bb custom_padding__hover=\u00bb|||\u00bb][et_pb_text _builder_version=\u00bb4.27.4&#8243; text_font=\u00bbLato||||||||\u00bb text_font_size=\u00bb20px\u00bb text_line_height=\u00bb1.4em\u00bb header_font=\u00bbLato|900|||||||\u00bb header_font_size=\u00bb38px\u00bb header_letter_spacing=\u00bb2px\u00bb header_line_height=\u00bb1.2em\u00bb background_layout=\u00bbdark\u00bb width=\u00bb100%\u00bb max_width=\u00bb100%\u00bb custom_margin=\u00bb|-166px||||\u00bb animation_style=\u00bbfold\u00bb text_font_size_tablet=\u00bb20px\u00bb text_font_size_phone=\u00bb16px\u00bb text_font_size_last_edited=\u00bbon|phone\u00bb header_font_size_tablet=\u00bb46px\u00bb header_font_size_phone=\u00bb26px\u00bb header_font_size_last_edited=\u00bbon|tablet\u00bb global_colors_info=\u00bb{}\u00bb]<\/p>\n<h1>Seguros de Vida Universal<\/h1>\n<p><span>La esencia de un seguro de vida es garantizar, al momento del fallecimiento de la persona asegurada, una cantidad espec\u00edfica de fondos que deben ser pagados a sus beneficiarios.<\/span><\/p>\n<p>[\/et_pb_text][\/et_pb_column][\/et_pb_row][\/et_pb_section][et_pb_section fb_built=\u00bb1&#8243; admin_label=\u00bbBlog\u00bb _builder_version=\u00bb4.27.4&#8243; custom_margin=\u00bb||||false|false\u00bb custom_padding=\u00bb32px|0px|0px|0px|false|false\u00bb global_colors_info=\u00bb{}\u00bb][et_pb_row column_structure=\u00bb1_3,1_3,1_3&#8243; _builder_version=\u00bb4.16&#8243; custom_padding=\u00bb8px||0px|||\u00bb global_colors_info=\u00bb{}\u00bb][et_pb_column type=\u00bb1_3&#8243; _builder_version=\u00bb4.16&#8243; background_color=\u00bb#ffffff\u00bb custom_padding=\u00bb|||\u00bb global_colors_info=\u00bb{}\u00bb custom_padding__hover=\u00bb|||\u00bb][et_pb_image src=\u00bbhttps:\/\/www.statetrustlife.com\/wp-content\/uploads\/2024\/12\/global-dynamic-protection-preview.jpg\u00bb title_text=\u00bbglobal-dynamic-protection-preview\u00bb force_fullwidth=\u00bbon\u00bb align_tablet=\u00bbcenter\u00bb align_phone=\u00bb\u00bb align_last_edited=\u00bbon|desktop\u00bb _builder_version=\u00bb4.27.4&#8243; custom_margin=\u00bb||-20px|\u00bb locked=\u00bboff\u00bb global_colors_info=\u00bb{}\u00bb][\/et_pb_image][et_pb_button button_url=\u00bbhttps:\/\/www.statetrustlife.com\/index.php\/calculadora-global-dynamic-protection\/\u00bb button_text=\u00bbCotiza ahora\u00bb button_alignment=\u00bbcenter\u00bb _builder_version=\u00bb4.27.4&#8243; custom_button=\u00bbon\u00bb button_text_size=\u00bb18px\u00bb button_bg_color=\u00bb#fa7f28&#8243; button_border_width=\u00bb0px\u00bb button_border_radius=\u00bb6px\u00bb button_letter_spacing=\u00bb1px\u00bb button_font=\u00bbLato|700||on|||||\u00bb button_icon=\u00bb&#x35;||divi||400&#8243; custom_margin=\u00bb||0px||false|false\u00bb custom_padding=\u00bb8px||8px|\u00bb animation_style=\u00bbfold\u00bb hover_enabled=\u00bb0&#8243; box_shadow_style=\u00bbpreset3&#8243; box_shadow_color=\u00bbrgba(250,127,40,0.4)\u00bb button_letter_spacing_hover=\u00bb1px\u00bb global_colors_info=\u00bb{}\u00bb button_text_size__hover_enabled=\u00bboff\u00bb button_one_text_size__hover_enabled=\u00bboff\u00bb button_two_text_size__hover_enabled=\u00bboff\u00bb button_text_color__hover_enabled=\u00bboff\u00bb button_one_text_color__hover_enabled=\u00bboff\u00bb button_two_text_color__hover_enabled=\u00bboff\u00bb button_border_width__hover_enabled=\u00bboff\u00bb button_one_border_width__hover_enabled=\u00bboff\u00bb button_two_border_width__hover_enabled=\u00bboff\u00bb button_border_color__hover_enabled=\u00bboff\u00bb button_one_border_color__hover_enabled=\u00bboff\u00bb button_two_border_color__hover_enabled=\u00bboff\u00bb button_border_radius__hover_enabled=\u00bboff\u00bb button_one_border_radius__hover_enabled=\u00bboff\u00bb button_two_border_radius__hover_enabled=\u00bboff\u00bb button_letter_spacing__hover_enabled=\u00bbon\u00bb button_letter_spacing__hover=\u00bb1px\u00bb button_one_letter_spacing__hover_enabled=\u00bboff\u00bb button_two_letter_spacing__hover_enabled=\u00bboff\u00bb button_bg_color__hover_enabled=\u00bboff\u00bb button_one_bg_color__hover_enabled=\u00bboff\u00bb button_two_bg_color__hover_enabled=\u00bboff\u00bb sticky_enabled=\u00bb0&#8243;][\/et_pb_button][et_pb_heading title=\u00bbGlobal Dynamic Protection\u00bb _builder_version=\u00bb4.27.4&#8243; _module_preset=\u00bbdefault\u00bb title_level=\u00bbh3&#8243; title_font=\u00bb|||on|||||\u00bb title_text_align=\u00bbcenter\u00bb height=\u00bb72px\u00bb custom_margin=\u00bb||13px|||\u00bb custom_padding=\u00bb21px|||||\u00bb locked=\u00bboff\u00bb global_colors_info=\u00bb{}\u00bb][\/et_pb_heading][et_pb_text _builder_version=\u00bb4.27.4&#8243; text_font=\u00bbLato||||||||\u00bb text_text_color=\u00bb#898f99&#8243; text_font_size=\u00bb15px\u00bb text_line_height=\u00bb1.8em\u00bb link_font=\u00bb||||||||\u00bb link_text_color=\u00bb#0986BC\u00bb header_font=\u00bb||||||||\u00bb header_2_font=\u00bb||||||||\u00bb header_3_font=\u00bb||||||||\u00bb header_4_font=\u00bbLato|700|||||||\u00bb header_4_font_size=\u00bb32px\u00bb header_5_font=\u00bb||||||||\u00bb text_orientation=\u00bbcenter\u00bb custom_margin=\u00bb-3px|20px|40px|20px||\u00bb locked=\u00bboff\u00bb global_colors_info=\u00bb{}\u00bb]<\/p>\n<h5>Prima desde<\/h5>\n<h4>US$167 mensual<\/h4>\n<p><a href=\"https:\/\/www.statetrustlife.com\/index.php\/global-dynamic-protection\/\">Conocer m\u00e1s<\/a>[\/et_pb_text][\/et_pb_column][et_pb_column type=\u00bb1_3&#8243; _builder_version=\u00bb4.16&#8243; background_color=\u00bb#ffffff\u00bb custom_padding=\u00bb|||\u00bb global_colors_info=\u00bb{}\u00bb custom_padding__hover=\u00bb|||\u00bb][et_pb_image src=\u00bbhttps:\/\/www.statetrustlife.com\/wp-content\/uploads\/2024\/12\/legacy-preview.png\u00bb title_text=\u00bblegacy-preview\u00bb force_fullwidth=\u00bbon\u00bb align_tablet=\u00bbcenter\u00bb align_phone=\u00bb\u00bb align_last_edited=\u00bbon|desktop\u00bb _builder_version=\u00bb4.27.4&#8243; custom_margin=\u00bb||-20px|\u00bb locked=\u00bboff\u00bb global_colors_info=\u00bb{}\u00bb][\/et_pb_image][et_pb_button button_url=\u00bbhttps:\/\/www.statetrustlife.com\/index.php\/calculadora-legacy\/\u00bb button_text=\u00bbCotiza ahora\u00bb button_alignment=\u00bbcenter\u00bb _builder_version=\u00bb4.27.4&#8243; custom_button=\u00bbon\u00bb button_text_size=\u00bb18px\u00bb button_bg_color=\u00bb#fa7f28&#8243; button_border_width=\u00bb0px\u00bb button_border_radius=\u00bb6px\u00bb button_letter_spacing=\u00bb1px\u00bb button_font=\u00bbLato|700||on|||||\u00bb button_icon=\u00bb&#x35;||divi||400&#8243; custom_margin=\u00bb||0px||false|false\u00bb custom_padding=\u00bb8px||8px|\u00bb animation_style=\u00bbfold\u00bb hover_enabled=\u00bb0&#8243; box_shadow_style=\u00bbpreset3&#8243; box_shadow_color=\u00bbrgba(250,127,40,0.4)\u00bb button_letter_spacing_hover=\u00bb1px\u00bb locked=\u00bboff\u00bb global_colors_info=\u00bb{}\u00bb button_text_size__hover_enabled=\u00bboff\u00bb button_one_text_size__hover_enabled=\u00bboff\u00bb button_two_text_size__hover_enabled=\u00bboff\u00bb button_text_color__hover_enabled=\u00bboff\u00bb button_one_text_color__hover_enabled=\u00bboff\u00bb button_two_text_color__hover_enabled=\u00bboff\u00bb button_border_width__hover_enabled=\u00bboff\u00bb button_one_border_width__hover_enabled=\u00bboff\u00bb button_two_border_width__hover_enabled=\u00bboff\u00bb button_border_color__hover_enabled=\u00bboff\u00bb button_one_border_color__hover_enabled=\u00bboff\u00bb button_two_border_color__hover_enabled=\u00bboff\u00bb button_border_radius__hover_enabled=\u00bboff\u00bb button_one_border_radius__hover_enabled=\u00bboff\u00bb button_two_border_radius__hover_enabled=\u00bboff\u00bb button_letter_spacing__hover_enabled=\u00bbon\u00bb button_letter_spacing__hover=\u00bb1px\u00bb button_one_letter_spacing__hover_enabled=\u00bboff\u00bb button_two_letter_spacing__hover_enabled=\u00bboff\u00bb button_bg_color__hover_enabled=\u00bboff\u00bb button_one_bg_color__hover_enabled=\u00bboff\u00bb button_two_bg_color__hover_enabled=\u00bboff\u00bb sticky_enabled=\u00bb0&#8243;][\/et_pb_button][et_pb_heading title=\u00bbSeguro de Vida universal Variable\u00bb _builder_version=\u00bb4.27.4&#8243; _module_preset=\u00bbdefault\u00bb title_level=\u00bbh3&#8243; title_font=\u00bb|||on|||||\u00bb title_text_align=\u00bbcenter\u00bb height=\u00bb72px\u00bb custom_margin=\u00bb||13px|||\u00bb custom_padding=\u00bb21px|||||\u00bb global_colors_info=\u00bb{}\u00bb][\/et_pb_heading][et_pb_text _builder_version=\u00bb4.27.4&#8243; text_font=\u00bbLato||||||||\u00bb text_text_color=\u00bb#898f99&#8243; text_font_size=\u00bb15px\u00bb text_line_height=\u00bb1.8em\u00bb link_font=\u00bb||||||||\u00bb link_text_color=\u00bb#0986BC\u00bb header_font=\u00bb||||||||\u00bb header_2_font=\u00bb||||||||\u00bb header_3_font=\u00bb||||||||\u00bb header_4_font=\u00bbLato|700|||||||\u00bb header_4_font_size=\u00bb32px\u00bb header_5_font=\u00bb||||||||\u00bb text_orientation=\u00bbcenter\u00bb custom_margin=\u00bb-3px|20px|40px|20px||\u00bb locked=\u00bboff\u00bb global_colors_info=\u00bb{}\u00bb]<\/p>\n<h5>Prima desde<\/h5>\n<h4>US$167 mensual<\/h4>\n<p><a href=\"https:\/\/www.statetrustlife.com\/index.php\/seguros-de-vida-universal-variable\/\">Conocer m\u00e1s<\/a>[\/et_pb_text][\/et_pb_column][et_pb_column type=\u00bb1_3&#8243; _builder_version=\u00bb4.16&#8243; background_color=\u00bb#ffffff\u00bb custom_padding=\u00bb|||\u00bb global_colors_info=\u00bb{}\u00bb custom_padding__hover=\u00bb|||\u00bb][\/et_pb_column][\/et_pb_row][\/et_pb_section][et_pb_section fb_built=\u00bb1&#8243; _builder_version=\u00bb4.27.4&#8243; _module_preset=\u00bbdefault\u00bb custom_padding=\u00bb9px||7px|||\u00bb locked=\u00bboff\u00bb global_colors_info=\u00bb{}\u00bb][et_pb_row _builder_version=\u00bb4.27.4&#8243; _module_preset=\u00bbdefault\u00bb global_colors_info=\u00bb{}\u00bb][et_pb_column type=\u00bb4_4&#8243; _builder_version=\u00bb4.27.4&#8243; _module_preset=\u00bbdefault\u00bb global_colors_info=\u00bb{}\u00bb][et_pb_code _builder_version=\u00bb4.27.4&#8243; _module_preset=\u00bbdefault\u00bb global_colors_info=\u00bb{}\u00bb]<\/p>\n<div class=\"row mt-5\"><!-- [et_pb_line_break_holder] -->                        <\/p>\n<div class=\"col\"><!-- [et_pb_line_break_holder] -->                            <\/p>\n<div class=\"table-responsive caracteristic\"><!-- [et_pb_line_break_holder] -->                                <\/p>\n<table class=\"table align-middle\"><!-- [et_pb_line_break_holder] -->                                    <\/p>\n<thead><!-- [et_pb_line_break_holder] -->                                        <\/p>\n<tr><!-- [et_pb_line_break_holder] -->                                            <\/p>\n<th scope=\"col\"><\/th>\n<p><!-- [et_pb_line_break_holder] -->                                            <\/p>\n<th scope=\"col\" class=\"text-center\"><span>GLOBAL DYNAMIC PROTECTION<\/span><\/th>\n<p><!-- [et_pb_line_break_holder] -->                                            <\/p>\n<th scope=\"col\" class=\"text-center\"><span>LEGACY<\/span><\/th>\n<p><!-- [et_pb_line_break_holder] -->                                        <\/tr>\n<p><!-- [et_pb_line_break_holder] -->                                        <\/p>\n<tr class=\"thead-color\"><!-- [et_pb_line_break_holder] -->                                            <\/p>\n<td scope=\"row\">Prima desde<\/td>\n<p><!-- [et_pb_line_break_holder] -->                                            <\/p>\n<th scope=\"col\" class=\"text-center\"><!-- [et_pb_line_break_holder] -->                                                <\/p>\n<div class=\"d-block\"><!-- [et_pb_line_break_holder] -->                                                    <span class=\"fs-4 d-block\">US$167<\/span> <small>Mensual<\/small><!-- [et_pb_line_break_holder] -->                                                <\/div>\n<p><!-- [et_pb_line_break_holder] -->                                            <\/th>\n<p><!-- [et_pb_line_break_holder] -->                                            <\/p>\n<th scope=\"col\" class=\"text-center\"><span class=\"fs-4 d-block\">US$167<\/span><small class=\"d-block\">Mensual<\/small><\/th>\n<p><!-- [et_pb_line_break_holder] -->                                        <\/tr>\n<p><!-- [et_pb_line_break_holder] -->                                    <\/thead>\n<p><!-- [et_pb_line_break_holder] -->                                    <\/p>\n<tbody><!-- [et_pb_line_break_holder] -->                                        <\/p>\n<tr><!-- [et_pb_line_break_holder] -->                                            <\/p>\n<th scope=\"row\">P\u00f3liza de vida universal variable<\/th>\n<p><!-- [et_pb_line_break_holder] -->                                            <\/p>\n<td class=\"text-center\">S\u00ed<\/td>\n<p><!-- [et_pb_line_break_holder] -->                                            <\/p>\n<td class=\"text-center\">S\u00ed<\/td>\n<p><!-- [et_pb_line_break_holder] -->                                        <\/tr>\n<p><!-- [et_pb_line_break_holder] -->                                        <\/p>\n<tr><!-- [et_pb_line_break_holder] -->                                            <\/p>\n<th scope=\"row\">Opci\u00f3n de beneficio por fallecimiento<\/th>\n<p><!-- [et_pb_line_break_holder] -->                                            <\/p>\n<td class=\"text-center\">Nivelado o incremental<\/td>\n<p><!-- [et_pb_line_break_holder] -->                                            <\/p>\n<td class=\"text-center\">Nivelado o incremental<\/td>\n<p><!-- [et_pb_line_break_holder] -->                                        <\/tr>\n<p><!-- [et_pb_line_break_holder] -->                                        <\/p>\n<tr><!-- [et_pb_line_break_holder] -->                                            <\/p>\n<th scope=\"row\">Propiedad de la p\u00f3liza<\/th>\n<p><!-- [et_pb_line_break_holder] -->                                            <\/p>\n<td class=\"text-center\">Personas naturales, jur\u00eddicas o fideicomisos<\/td>\n<p><!-- [et_pb_line_break_holder] -->                                            <\/p>\n<td class=\"text-center\">Personas naturales, jur\u00eddicas o fideicomisos<\/td>\n<p><!-- [et_pb_line_break_holder] -->                                        <\/tr>\n<p><!-- [et_pb_line_break_holder] -->                                        <\/p>\n<tr><!-- [et_pb_line_break_holder] -->                                            <\/p>\n<th scope=\"row\">Posibilidades de inversi\u00f3n<\/th>\n<p><!-- [et_pb_line_break_holder] -->                                            <\/p>\n<td class=\"text-center\">Instrumentos de mercado ETF, \u00edndices y fondos mutuales<\/td>\n<p><!-- [et_pb_line_break_holder] -->                                            <\/p>\n<td class=\"text-center\">Perfiles de inversi\u00f3n indexados disponibles: S&#038;P 500, Dow Jones, NASDAQ y Personalizado<\/td>\n<p><!-- [et_pb_line_break_holder] -->                                        <\/tr>\n<p><!-- [et_pb_line_break_holder] -->                                        <\/p>\n<tr><!-- [et_pb_line_break_holder] -->                                            <\/p>\n<th scope=\"row\">Valores de rescate<\/th>\n<p><!-- [et_pb_line_break_holder] -->                                            <\/p>\n<td class=\"text-center\">Pr\u00e9stamos, retiros parciales y totales<\/td>\n<p><!-- [et_pb_line_break_holder] -->                                            <\/p>\n<td class=\"text-center\">Pr\u00e9stamos, retiros parciales y totales<\/td>\n<p><!-- [et_pb_line_break_holder] -->                                        <\/tr>\n<p><!-- [et_pb_line_break_holder] -->                                        <\/p>\n<tr><!-- [et_pb_line_break_holder] -->                                            <\/p>\n<th scope=\"row\">Moneda de emisi\u00f3n<\/th>\n<p><!-- [et_pb_line_break_holder] -->                                            <\/p>\n<td class=\"text-center\">D\u00f3lares o Euros<\/td>\n<p><!-- [et_pb_line_break_holder] -->                                            <\/p>\n<td class=\"text-center\">D\u00f3lares o Euros<\/td>\n<p><!-- [et_pb_line_break_holder] -->                                        <\/tr>\n<p><!-- [et_pb_line_break_holder] -->                                        <\/p>\n<tr><!-- [et_pb_line_break_holder] -->                                            <\/p>\n<th scope=\"row\">Monto de suma asegurada<\/th>\n<p><!-- [et_pb_line_break_holder] -->                                            <\/p>\n<td class=\"text-center\">De $50,000 hasta $5,000,000<\/td>\n<p><!-- [et_pb_line_break_holder] -->                                            <\/p>\n<td class=\"text-center\">De $50,000 hasta $5,000,000<\/td>\n<p><!-- [et_pb_line_break_holder] -->                                        <\/tr>\n<p><!-- [et_pb_line_break_holder] -->                                        <\/p>\n<tr><!-- [et_pb_line_break_holder] -->                                            <\/p>\n<th scope=\"row\">Duraci\u00f3n del Seguro<\/th>\n<p><!-- [et_pb_line_break_holder] -->                                            <\/p>\n<td class=\"text-center\">Disponible menos de 20 a\u00f1os*<\/td>\n<p><!-- [et_pb_line_break_holder] -->                                            <\/p>\n<td class=\"text-center\">20 a\u00f1os<\/td>\n<p><!-- [et_pb_line_break_holder] -->                                        <\/tr>\n<p><!-- [et_pb_line_break_holder] -->                                        <\/p>\n<tr><!-- [et_pb_line_break_holder] -->                                            <\/p>\n<th scope=\"row\">Monto garantizado<\/th>\n<p><!-- [et_pb_line_break_holder] -->                                            <\/p>\n<td class=\"text-center\">No<\/td>\n<p><!-- [et_pb_line_break_holder] -->                                            <\/p>\n<td class=\"text-center\">Rendimiento Garantizado del 1%<\/td>\n<p><!-- [et_pb_line_break_holder] -->                                        <\/tr>\n<p><!-- [et_pb_line_break_holder] -->                                        <\/p>\n<tr><!-- [et_pb_line_break_holder] -->                                            <\/p>\n<th scope=\"row\">Suplementos disponibles<\/th>\n<p><!-- [et_pb_line_break_holder] -->                                            <\/p>\n<td class=\"text-center\">Asegurado Adicional, Temporal Adicional, Muerte Accidental, Beneficio Acelerado por Enfermedad Terminal Y Exoneraci\u00f3n de Pago de Prima<\/td>\n<p><!-- [et_pb_line_break_holder] -->                                            <\/p>\n<td class=\"text-center\">Asegurado Adicional, Temporal Adicional, Muerte Accidental, Beneficio Acelerado por Enfermedad Terminal Y Exoneraci\u00f3n de Pago de Prima<\/td>\n<p><!-- [et_pb_line_break_holder] -->                                        <\/tr>\n<p><!-- [et_pb_line_break_holder] -->                                    <\/tbody>\n<p><!-- [et_pb_line_break_holder] -->                                <\/table>\n<p><!-- [et_pb_line_break_holder] -->                            <\/div>\n<p><!-- [et_pb_line_break_holder] -->                        <\/div>\n<p><!-- [et_pb_line_break_holder] -->                    <\/div>\n<p>[\/et_pb_code][\/et_pb_column][\/et_pb_row][\/et_pb_section][et_pb_section fb_built=\u00bb1&#8243; admin_label=\u00bbTestimonial\u00bb _builder_version=\u00bb4.27.4&#8243; use_background_color_gradient=\u00bbon\u00bb background_color_gradient_stops=\u00bbrgba(9,112,156,0.45) 0%|rgba(12,113,195,0.75) 100%\u00bb background_color_gradient_overlays_image=\u00bbon\u00bb background_color_gradient_start=\u00bbrgba(150,105,97,0.67)\u00bb background_color_gradient_end=\u00bbrgba(2,0,76,0.84)\u00bb background_image=\u00bbhttps:\/\/www.statetrustlife.com\/wp-content\/uploads\/2024\/11\/home-bg-2.jpg\u00bb background_position=\u00bbtop_center\u00bb custom_margin=\u00bb|||\u00bb custom_padding=\u00bb10%|0px|10%|0px\u00bb locked=\u00bboff\u00bb global_colors_info=\u00bb{}\u00bb][et_pb_row _builder_version=\u00bb4.16&#8243; custom_margin=\u00bb|||\u00bb global_colors_info=\u00bb{}\u00bb][et_pb_column type=\u00bb4_4&#8243; _builder_version=\u00bb4.16&#8243; custom_padding=\u00bb|||\u00bb global_colors_info=\u00bb{}\u00bb custom_padding__hover=\u00bb|||\u00bb][et_pb_cta title=\u00bbStatetrust life\u00bb button_url=\u00bbhttps:\/\/www.statetrustlife.com\/index.php\/calculadora-de-productos\/\u00bb button_text=\u00bbBusca tu plan\u00bb _builder_version=\u00bb4.27.4&#8243; header_font=\u00bbLato|900||on|||||\u00bb header_font_size=\u00bb48px\u00bb header_letter_spacing=\u00bb2px\u00bb header_line_height=\u00bb1.2em\u00bb body_font=\u00bbLato||||||||\u00bb body_font_size=\u00bb20px\u00bb body_line_height=\u00bb1.8em\u00bb use_background_color=\u00bboff\u00bb custom_button=\u00bbon\u00bb button_text_size=\u00bb16px\u00bb button_text_color=\u00bb#ffffff\u00bb button_bg_color=\u00bb#09709C\u00bb button_border_width=\u00bb6px\u00bb button_border_color=\u00bb#09709C\u00bb button_border_radius=\u00bb5px\u00bb button_letter_spacing=\u00bb2px\u00bb button_font=\u00bbLato|900||on|||||\u00bb max_width=\u00bb750px\u00bb module_alignment=\u00bbcenter\u00bb animation_style=\u00bbfold\u00bb header_font_size_tablet=\u00bb40px\u00bb header_font_size_phone=\u00bb\u00bb header_font_size_last_edited=\u00bbon|tablet\u00bb header_text_shadow_style=\u00bbpreset1&#8243; header_text_shadow_blur_strength=\u00bb0.6em\u00bb header_text_shadow_color=\u00bbrgba(0,0,0,0.24)\u00bb box_shadow_style_button=\u00bbpreset3&#8243; box_shadow_blur_button=\u00bb30px\u00bb box_shadow_spread_button=\u00bb8px\u00bb box_shadow_color_button=\u00bbrgba(250,127,40,0.15)\u00bb button_letter_spacing_hover=\u00bb2px\u00bb global_colors_info=\u00bb{}\u00bb button_text_size__hover_enabled=\u00bboff\u00bb button_one_text_size__hover_enabled=\u00bboff\u00bb button_two_text_size__hover_enabled=\u00bboff\u00bb button_text_color__hover_enabled=\u00bboff\u00bb button_one_text_color__hover_enabled=\u00bboff\u00bb button_two_text_color__hover_enabled=\u00bboff\u00bb button_border_width__hover_enabled=\u00bboff\u00bb button_one_border_width__hover_enabled=\u00bboff\u00bb button_two_border_width__hover_enabled=\u00bboff\u00bb button_border_color__hover_enabled=\u00bboff\u00bb button_one_border_color__hover_enabled=\u00bboff\u00bb button_two_border_color__hover_enabled=\u00bboff\u00bb button_border_radius__hover_enabled=\u00bboff\u00bb button_one_border_radius__hover_enabled=\u00bboff\u00bb button_two_border_radius__hover_enabled=\u00bboff\u00bb button_letter_spacing__hover_enabled=\u00bbon\u00bb button_letter_spacing__hover=\u00bb2px\u00bb button_one_letter_spacing__hover_enabled=\u00bboff\u00bb button_two_letter_spacing__hover_enabled=\u00bboff\u00bb button_bg_color__hover_enabled=\u00bboff\u00bb button_one_bg_color__hover_enabled=\u00bboff\u00bb button_two_bg_color__hover_enabled=\u00bboff\u00bb]<\/p>\n<p><span data-teams=\"true\">Soluciones financieras para cada etapa de tu vida.<\/span><\/p>\n<p>[\/et_pb_cta][\/et_pb_column][\/et_pb_row][\/et_pb_section]<\/p>\n","protected":false},"excerpt":{"rendered":"<p>Seguros de Vida Universal La esencia de un seguro de vida es garantizar, al momento del fallecimiento de la persona asegurada, una cantidad espec\u00edfica de fondos que deben ser pagados a sus beneficiarios.Prima desde US$167 mensual Conocer m\u00e1sPrima desde US$167 mensual Conocer m\u00e1sSoluciones financieras para cada etapa de tu vida.<\/p>\n","protected":false},"author":1,"featured_media":0,"parent":0,"menu_order":0,"comment_status":"closed","ping_status":"closed","template":"","meta":{"_et_pb_use_builder":"on","_et_pb_old_content":"","_et_gb_content_width":"","footnotes":""},"class_list":["post-388","page","type-page","status-publish","hentry"],"_links":{"self":[{"href":"https:\/\/www.statetrustlife.com\/index.php\/wp-json\/wp\/v2\/pages\/388","targetHints":{"allow":["GET"]}}],"collection":[{"href":"https:\/\/www.statetrustlife.com\/index.php\/wp-json\/wp\/v2\/pages"}],"about":[{"href":"https:\/\/www.statetrustlife.com\/index.php\/wp-json\/wp\/v2\/types\/page"}],"author":[{"embeddable":true,"href":"https:\/\/www.statetrustlife.com\/index.php\/wp-json\/wp\/v2\/users\/1"}],"replies":[{"embeddable":true,"href":"https:\/\/www.statetrustlife.com\/index.php\/wp-json\/wp\/v2\/comments?post=388"}],"version-history":[{"count":32,"href":"https:\/\/www.statetrustlife.com\/index.php\/wp-json\/wp\/v2\/pages\/388\/revisions"}],"predecessor-version":[{"id":1504,"href":"https:\/\/www.statetrustlife.com\/index.php\/wp-json\/wp\/v2\/pages\/388\/revisions\/1504"}],"wp:attachment":[{"href":"https:\/\/www.statetrustlife.com\/index.php\/wp-json\/wp\/v2\/media?parent=388"}],"curies":[{"name":"wp","href":"https:\/\/api.w.org\/{rel}","templated":true}]}}