{"id":1989,"date":"2024-12-17T16:37:19","date_gmt":"2024-12-17T16:37:19","guid":{"rendered":"https:\/\/www.statetrustlife.com\/index.php\/seguros-de-vida-universal\/"},"modified":"2025-09-30T23:18:49","modified_gmt":"2025-09-30T23:18:49","slug":"seguros-de-vida-universal","status":"publish","type":"page","link":"https:\/\/www.statetrustlife.com\/pt-br\/index.php\/seguros-de-vida-universal\/","title":{"rendered":"Seguros de vida universal"},"content":{"rendered":"<p>[et_pb_section fb_built=&#8221;1&#8243; admin_label=&#8221;Hero section&#8221; _builder_version=&#8221;4.27.4&#8243; use_background_color_gradient=&#8221;on&#8221; background_color_gradient_stops=&#8221;rgba(38,171,228,0.77) 0%|rgba(0,44,67,0.8) 99%&#8221; background_color_gradient_overlays_image=&#8221;on&#8221; background_color_gradient_start=&#8221;rgba(150,105,97,0.67)&#8221; background_color_gradient_end=&#8221;rgba(2,0,76,0.84)&#8221; background_image=&#8221;https:\/\/www.statetrustlife.com\/wp-content\/uploads\/2024\/11\/home-bg-2.jpg&#8221; custom_margin=&#8221;|||&#8221; custom_padding=&#8221;1.2%|6%|1.2%|6%|false|false&#8221; global_colors_info=&#8221;{}&#8221;][et_pb_row _builder_version=&#8221;4.27.4&#8243; width=&#8221;100%&#8221; custom_margin=&#8221;|||&#8221; global_colors_info=&#8221;{}&#8221;][et_pb_column type=&#8221;4_4&#8243; _builder_version=&#8221;4.27.4&#8243; custom_padding=&#8221;1px|||&#8221; global_colors_info=&#8221;{}&#8221; custom_padding__hover=&#8221;|||&#8221;][et_pb_text _builder_version=&#8221;4.27.4&#8243; text_font=&#8221;Lato||||||||&#8221; text_font_size=&#8221;20px&#8221; text_line_height=&#8221;1.4em&#8221; header_font=&#8221;Lato|900|||||||&#8221; header_font_size=&#8221;38px&#8221; header_letter_spacing=&#8221;2px&#8221; header_line_height=&#8221;1.2em&#8221; background_layout=&#8221;dark&#8221; width=&#8221;100%&#8221; max_width=&#8221;100%&#8221; custom_margin=&#8221;|-166px||||&#8221; animation_style=&#8221;fold&#8221; text_font_size_tablet=&#8221;20px&#8221; text_font_size_phone=&#8221;16px&#8221; text_font_size_last_edited=&#8221;on|phone&#8221; header_font_size_tablet=&#8221;46px&#8221; header_font_size_phone=&#8221;26px&#8221; header_font_size_last_edited=&#8221;on|tablet&#8221; global_colors_info=&#8221;{}&#8221;]<\/p>\n<h1>Seguros de Vida Universal<\/h1>\n<p><span>A ess\u00eancia de um seguro de vida \u00e9 garantir, no momento do falecimento da pessoa segurada, uma quantia espec\u00edfica de fundos que devem ser pagos aos seus benefici\u00e1rios.<\/span><\/p>\n<p>[\/et_pb_text][\/et_pb_column][\/et_pb_row][\/et_pb_section][et_pb_section fb_built=&#8221;1&#8243; admin_label=&#8221;Blog&#8221; _builder_version=&#8221;4.27.4&#8243; custom_margin=&#8221;||||false|false&#8221; custom_padding=&#8221;32px|0px|0px|0px|false|false&#8221; global_colors_info=&#8221;{}&#8221;][et_pb_row column_structure=&#8221;1_3,1_3,1_3&#8243; _builder_version=&#8221;4.16&#8243; custom_padding=&#8221;8px||0px|||&#8221; global_colors_info=&#8221;{}&#8221;][et_pb_column type=&#8221;1_3&#8243; _builder_version=&#8221;4.16&#8243; background_color=&#8221;#ffffff&#8221; custom_padding=&#8221;|||&#8221; global_colors_info=&#8221;{}&#8221; custom_padding__hover=&#8221;|||&#8221;][et_pb_image src=&#8221;https:\/\/www.statetrustlife.com\/wp-content\/uploads\/2024\/12\/global-dynamic-protection-preview.jpg&#8221; title_text=&#8221;global-dynamic-protection-preview&#8221; force_fullwidth=&#8221;on&#8221; align_tablet=&#8221;center&#8221; align_phone=&#8221;&#8221; align_last_edited=&#8221;on|desktop&#8221; _builder_version=&#8221;4.27.4&#8243; custom_margin=&#8221;||-20px|&#8221; locked=&#8221;off&#8221; global_colors_info=&#8221;{}&#8221;][\/et_pb_image][et_pb_button button_url=&#8221;https:\/\/www.statetrustlife.com\/pt-br\/?page_id=1611&#8243; button_text=&#8221;Fa\u00e7a uma cota\u00e7\u00e3o agora&#8221; button_alignment=&#8221;center&#8221; _builder_version=&#8221;4.27.4&#8243; custom_button=&#8221;on&#8221; button_text_size=&#8221;18px&#8221; button_bg_color=&#8221;#fa7f28&#8243; button_border_width=&#8221;0px&#8221; button_border_radius=&#8221;6px&#8221; button_letter_spacing=&#8221;1px&#8221; button_font=&#8221;Lato|700||on|||||&#8221; button_icon=&#8221;&#x35;||divi||400&#8243; custom_margin=&#8221;||0px||false|false&#8221; custom_padding=&#8221;8px||8px|&#8221; animation_style=&#8221;fold&#8221; hover_enabled=&#8221;0&#8243; box_shadow_style=&#8221;preset3&#8243; box_shadow_color=&#8221;rgba(250,127,40,0.4)&#8221; button_letter_spacing_hover=&#8221;1px&#8221; global_colors_info=&#8221;{}&#8221; button_text_size__hover_enabled=&#8221;off&#8221; button_one_text_size__hover_enabled=&#8221;off&#8221; button_two_text_size__hover_enabled=&#8221;off&#8221; button_text_color__hover_enabled=&#8221;off&#8221; button_one_text_color__hover_enabled=&#8221;off&#8221; button_two_text_color__hover_enabled=&#8221;off&#8221; button_border_width__hover_enabled=&#8221;off&#8221; button_one_border_width__hover_enabled=&#8221;off&#8221; button_two_border_width__hover_enabled=&#8221;off&#8221; button_border_color__hover_enabled=&#8221;off&#8221; button_one_border_color__hover_enabled=&#8221;off&#8221; button_two_border_color__hover_enabled=&#8221;off&#8221; button_border_radius__hover_enabled=&#8221;off&#8221; button_one_border_radius__hover_enabled=&#8221;off&#8221; button_two_border_radius__hover_enabled=&#8221;off&#8221; button_letter_spacing__hover_enabled=&#8221;on&#8221; button_letter_spacing__hover=&#8221;1px&#8221; button_one_letter_spacing__hover_enabled=&#8221;off&#8221; button_two_letter_spacing__hover_enabled=&#8221;off&#8221; button_bg_color__hover_enabled=&#8221;off&#8221; button_one_bg_color__hover_enabled=&#8221;off&#8221; button_two_bg_color__hover_enabled=&#8221;off&#8221; sticky_enabled=&#8221;0&#8243;][\/et_pb_button][et_pb_heading title=&#8221;Global Dynamic Protection&#8221; _builder_version=&#8221;4.27.4&#8243; _module_preset=&#8221;default&#8221; title_level=&#8221;h3&#8243; title_font=&#8221;|||on|||||&#8221; title_text_align=&#8221;center&#8221; height=&#8221;72px&#8221; custom_margin=&#8221;||13px|||&#8221; custom_padding=&#8221;21px|||||&#8221; locked=&#8221;off&#8221; global_colors_info=&#8221;{}&#8221;][\/et_pb_heading][et_pb_text _builder_version=&#8221;4.27.4&#8243; text_font=&#8221;Lato||||||||&#8221; text_text_color=&#8221;#898f99&#8243; text_font_size=&#8221;15px&#8221; text_line_height=&#8221;1.8em&#8221; link_font=&#8221;||||||||&#8221; link_text_color=&#8221;#0986BC&#8221; header_font=&#8221;||||||||&#8221; header_2_font=&#8221;||||||||&#8221; header_3_font=&#8221;||||||||&#8221; header_4_font=&#8221;Lato|700|||||||&#8221; header_4_font_size=&#8221;32px&#8221; header_5_font=&#8221;||||||||&#8221; text_orientation=&#8221;center&#8221; custom_margin=&#8221;-3px|20px|40px|20px||&#8221; locked=&#8221;off&#8221; global_colors_info=&#8221;{}&#8221;]<\/p>\n<h5>Pr\u00eamio a partir de<\/h5>\n<h4>US$167 mensal<\/h4>\n<p><a href=\"https:\/\/www.statetrustlife.com\/index.php\/global-dynamic-protection\/\">Saiba mais<\/a>[\/et_pb_text][\/et_pb_column][et_pb_column type=&#8221;1_3&#8243; _builder_version=&#8221;4.16&#8243; background_color=&#8221;#ffffff&#8221; custom_padding=&#8221;|||&#8221; global_colors_info=&#8221;{}&#8221; custom_padding__hover=&#8221;|||&#8221;][et_pb_image src=&#8221;https:\/\/www.statetrustlife.com\/wp-content\/uploads\/2024\/12\/legacy-preview.png&#8221; title_text=&#8221;legacy-preview&#8221; force_fullwidth=&#8221;on&#8221; align_tablet=&#8221;center&#8221; align_phone=&#8221;&#8221; align_last_edited=&#8221;on|desktop&#8221; _builder_version=&#8221;4.27.4&#8243; custom_margin=&#8221;||-20px|&#8221; locked=&#8221;off&#8221; global_colors_info=&#8221;{}&#8221;][\/et_pb_image][et_pb_button button_url=&#8221;https:\/\/www.statetrustlife.com\/pt-br\/?page_id=1607&#8243; button_text=&#8221;Fa\u00e7a uma cota\u00e7\u00e3o agora&#8221; button_alignment=&#8221;center&#8221; _builder_version=&#8221;4.27.4&#8243; custom_button=&#8221;on&#8221; button_text_size=&#8221;18px&#8221; button_bg_color=&#8221;#fa7f28&#8243; button_border_width=&#8221;0px&#8221; button_border_radius=&#8221;6px&#8221; button_letter_spacing=&#8221;1px&#8221; button_font=&#8221;Lato|700||on|||||&#8221; button_icon=&#8221;&#x35;||divi||400&#8243; custom_margin=&#8221;||0px||false|false&#8221; custom_padding=&#8221;8px||8px|&#8221; animation_style=&#8221;fold&#8221; hover_enabled=&#8221;0&#8243; box_shadow_style=&#8221;preset3&#8243; box_shadow_color=&#8221;rgba(250,127,40,0.4)&#8221; button_letter_spacing_hover=&#8221;1px&#8221; locked=&#8221;off&#8221; global_colors_info=&#8221;{}&#8221; button_text_size__hover_enabled=&#8221;off&#8221; button_one_text_size__hover_enabled=&#8221;off&#8221; button_two_text_size__hover_enabled=&#8221;off&#8221; button_text_color__hover_enabled=&#8221;off&#8221; button_one_text_color__hover_enabled=&#8221;off&#8221; button_two_text_color__hover_enabled=&#8221;off&#8221; button_border_width__hover_enabled=&#8221;off&#8221; button_one_border_width__hover_enabled=&#8221;off&#8221; button_two_border_width__hover_enabled=&#8221;off&#8221; button_border_color__hover_enabled=&#8221;off&#8221; button_one_border_color__hover_enabled=&#8221;off&#8221; button_two_border_color__hover_enabled=&#8221;off&#8221; button_border_radius__hover_enabled=&#8221;off&#8221; button_one_border_radius__hover_enabled=&#8221;off&#8221; button_two_border_radius__hover_enabled=&#8221;off&#8221; button_letter_spacing__hover_enabled=&#8221;on&#8221; button_letter_spacing__hover=&#8221;1px&#8221; button_one_letter_spacing__hover_enabled=&#8221;off&#8221; button_two_letter_spacing__hover_enabled=&#8221;off&#8221; button_bg_color__hover_enabled=&#8221;off&#8221; button_one_bg_color__hover_enabled=&#8221;off&#8221; button_two_bg_color__hover_enabled=&#8221;off&#8221; sticky_enabled=&#8221;0&#8243;][\/et_pb_button][et_pb_heading title=&#8221;Seguro de Vida Universal Vari\u00e1vel&#8221; _builder_version=&#8221;4.27.4&#8243; _module_preset=&#8221;default&#8221; title_level=&#8221;h3&#8243; title_font=&#8221;|||on|||||&#8221; title_text_align=&#8221;center&#8221; height=&#8221;72px&#8221; custom_margin=&#8221;||13px|||&#8221; custom_padding=&#8221;21px|||||&#8221; global_colors_info=&#8221;{}&#8221;][\/et_pb_heading][et_pb_text _builder_version=&#8221;4.27.4&#8243; text_font=&#8221;Lato||||||||&#8221; text_text_color=&#8221;#898f99&#8243; text_font_size=&#8221;15px&#8221; text_line_height=&#8221;1.8em&#8221; link_font=&#8221;||||||||&#8221; link_text_color=&#8221;#0986BC&#8221; header_font=&#8221;||||||||&#8221; header_2_font=&#8221;||||||||&#8221; header_3_font=&#8221;||||||||&#8221; header_4_font=&#8221;Lato|700|||||||&#8221; header_4_font_size=&#8221;32px&#8221; header_5_font=&#8221;||||||||&#8221; text_orientation=&#8221;center&#8221; custom_margin=&#8221;-3px|20px|40px|20px||&#8221; locked=&#8221;off&#8221; global_colors_info=&#8221;{}&#8221;]<\/p>\n<h5>Pr\u00eamio a partir de<\/h5>\n<h4>US$167 mensal<\/h4>\n<p><a href=\"https:\/\/www.statetrustlife.com\/index.php\/seguros-de-vida-universal-variable\/\">Saiba mais<\/a>[\/et_pb_text][\/et_pb_column][et_pb_column type=&#8221;1_3&#8243; _builder_version=&#8221;4.16&#8243; background_color=&#8221;#ffffff&#8221; custom_padding=&#8221;|||&#8221; global_colors_info=&#8221;{}&#8221; custom_padding__hover=&#8221;|||&#8221;][\/et_pb_column][\/et_pb_row][\/et_pb_section][et_pb_section fb_built=&#8221;1&#8243; _builder_version=&#8221;4.27.4&#8243; _module_preset=&#8221;default&#8221; custom_padding=&#8221;9px||7px|||&#8221; locked=&#8221;off&#8221; global_colors_info=&#8221;{}&#8221;][et_pb_row _builder_version=&#8221;4.27.4&#8243; _module_preset=&#8221;default&#8221; global_colors_info=&#8221;{}&#8221;][et_pb_column type=&#8221;4_4&#8243; _builder_version=&#8221;4.27.4&#8243; _module_preset=&#8221;default&#8221; global_colors_info=&#8221;{}&#8221;][et_pb_code _builder_version=&#8221;4.27.4&#8243; _module_preset=&#8221;default&#8221; global_colors_info=&#8221;{}&#8221;]<\/p>\n<div class=\"row mt-5\"><!-- [et_pb_line_break_holder] -->                        <\/p>\n<div class=\"col\"><!-- [et_pb_line_break_holder] -->                            <\/p>\n<div class=\"table-responsive caracteristic\"><!-- [et_pb_line_break_holder] -->                                <\/p>\n<table class=\"table align-middle\"><!-- [et_pb_line_break_holder] -->                                    <\/p>\n<thead><!-- [et_pb_line_break_holder] -->                                        <\/p>\n<tr><!-- [et_pb_line_break_holder] -->                                            <\/p>\n<th scope=\"col\"><\/th>\n<p><!-- [et_pb_line_break_holder] -->                                            <\/p>\n<th scope=\"col\" class=\"text-center\"><span>GLOBAL DYNAMIC PROTECTION<\/span><\/th>\n<p><!-- [et_pb_line_break_holder] -->                                            <\/p>\n<th scope=\"col\" class=\"text-center\"><span>LEGACY<\/span><\/th>\n<p><!-- [et_pb_line_break_holder] -->                                        <\/tr>\n<p><!-- [et_pb_line_break_holder] -->                                        <\/p>\n<tr class=\"thead-color\"><!-- [et_pb_line_break_holder] -->                                            <\/p>\n<td scope=\"row\">Pr\u00eamio a partir de<\/td>\n<p><!-- [et_pb_line_break_holder] -->                                            <\/p>\n<th scope=\"col\" class=\"text-center\"><!-- [et_pb_line_break_holder] -->                                                <\/p>\n<div class=\"d-block\"><!-- [et_pb_line_break_holder] -->                                                    <span class=\"fs-4 d-block\">US$167<\/span> <small>Mensal<\/small><!-- [et_pb_line_break_holder] -->                                                <\/div>\n<p><!-- [et_pb_line_break_holder] -->                                            <\/th>\n<p><!-- [et_pb_line_break_holder] -->                                            <\/p>\n<th scope=\"col\" class=\"text-center\"><span class=\"fs-4 d-block\">US$167<\/span><small class=\"d-block\">Mensal<\/small><\/th>\n<p><!-- [et_pb_line_break_holder] -->                                        <\/tr>\n<p><!-- [et_pb_line_break_holder] -->                                    <\/thead>\n<p><!-- [et_pb_line_break_holder] -->                                    <\/p>\n<tbody><!-- [et_pb_line_break_holder] -->                                        <\/p>\n<tr><!-- [et_pb_line_break_holder] -->                                            <\/p>\n<th scope=\"row\">Ap\u00f3lice de vida universal vari\u00e1vel<\/th>\n<p><!-- [et_pb_line_break_holder] -->                                            <\/p>\n<td class=\"text-center\">Sim<\/td>\n<p><!-- [et_pb_line_break_holder] -->                                            <\/p>\n<td class=\"text-center\">Sim<\/td>\n<p><!-- [et_pb_line_break_holder] -->                                        <\/tr>\n<p><!-- [et_pb_line_break_holder] -->                                        <\/p>\n<tr><!-- [et_pb_line_break_holder] -->                                            <\/p>\n<th scope=\"row\">Op\u00e7\u00e3o de benef\u00edcio por falecimento<\/th>\n<p><!-- [et_pb_line_break_holder] -->                                            <\/p>\n<td class=\"text-center\">Nivelado ou incremental<\/td>\n<p><!-- [et_pb_line_break_holder] -->                                            <\/p>\n<td class=\"text-center\">Nivelado ou incremental<\/td>\n<p><!-- [et_pb_line_break_holder] -->                                        <\/tr>\n<p><!-- [et_pb_line_break_holder] -->                                        <\/p>\n<tr><!-- [et_pb_line_break_holder] -->                                            <\/p>\n<th scope=\"row\">Propriedade da ap\u00f3lice<\/th>\n<p><!-- [et_pb_line_break_holder] -->                                            <\/p>\n<td class=\"text-center\">Pessoas f\u00edsicas, jur\u00eddicas ou fundos fiduci\u00e1rios<\/td>\n<p><!-- [et_pb_line_break_holder] -->                                            <\/p>\n<td class=\"text-center\">Pessoas f\u00edsicas, jur\u00eddicas ou fundos fiduci\u00e1rios<\/td>\n<p><!-- [et_pb_line_break_holder] -->                                        <\/tr>\n<p><!-- [et_pb_line_break_holder] -->                                        <\/p>\n<tr><!-- [et_pb_line_break_holder] -->                                            <\/p>\n<th scope=\"row\">Possibilidades de investimento<\/th>\n<p><!-- [et_pb_line_break_holder] -->                                            <\/p>\n<td class=\"text-center\">Instrumentos de mercado ETF, \u00edndices e fundos m\u00fatuos<\/td>\n<p><!-- [et_pb_line_break_holder] -->                                            <\/p>\n<td class=\"text-center\">Perfis de investimento indexados dispon\u00edveis: S&amp;P 500, Dow Jones, NASDAQ e Personalizado<\/td>\n<p><!-- [et_pb_line_break_holder] -->                                        <\/tr>\n<p><!-- [et_pb_line_break_holder] -->                                        <\/p>\n<tr><!-- [et_pb_line_break_holder] -->                                            <\/p>\n<th scope=\"row\">Valores de resgate<\/th>\n<p><!-- [et_pb_line_break_holder] -->                                            <\/p>\n<td class=\"text-center\">Empr\u00e9stimos, retiradas parciais e totais<\/td>\n<p><!-- [et_pb_line_break_holder] -->                                            <\/p>\n<td class=\"text-center\">Empr\u00e9stimos, retiradas parciais e totais<\/td>\n<p><!-- [et_pb_line_break_holder] -->                                        <\/tr>\n<p><!-- [et_pb_line_break_holder] -->                                        <\/p>\n<tr><!-- [et_pb_line_break_holder] -->                                            <\/p>\n<th scope=\"row\">Moeda de emiss\u00e3o<\/th>\n<p><!-- [et_pb_line_break_holder] -->                                            <\/p>\n<td class=\"text-center\">D\u00f3lares ou Euros<\/td>\n<p><!-- [et_pb_line_break_holder] -->                                            <\/p>\n<td class=\"text-center\">D\u00f3lares ou Euros<\/td>\n<p><!-- [et_pb_line_break_holder] -->                                        <\/tr>\n<p><!-- [et_pb_line_break_holder] -->                                        <\/p>\n<tr><!-- [et_pb_line_break_holder] -->                                            <\/p>\n<th scope=\"row\">Valor da soma segurada<\/th>\n<p><!-- [et_pb_line_break_holder] -->                                            <\/p>\n<td class=\"text-center\">De $50.000 at\u00e9 $5.000.000<\/td>\n<p><!-- [et_pb_line_break_holder] -->                                            <\/p>\n<td class=\"text-center\">De $50.000 at\u00e9 $5.000.000<\/td>\n<p><!-- [et_pb_line_break_holder] -->                                        <\/tr>\n<p><!-- [et_pb_line_break_holder] -->                                        <\/p>\n<tr><!-- [et_pb_line_break_holder] -->                                            <\/p>\n<th scope=\"row\">Dura\u00e7\u00e3o do Seguro<\/th>\n<p><!-- [et_pb_line_break_holder] -->                                            <\/p>\n<td class=\"text-center\">Dispon\u00edvel menos de 20 anos*<\/td>\n<p><!-- [et_pb_line_break_holder] -->                                            <\/p>\n<td class=\"text-center\">20 anos<\/td>\n<p><!-- [et_pb_line_break_holder] -->                                        <\/tr>\n<p><!-- [et_pb_line_break_holder] -->                                        <\/p>\n<tr><!-- [et_pb_line_break_holder] -->                                            <\/p>\n<th scope=\"row\">Valor garantido<\/th>\n<p><!-- [et_pb_line_break_holder] -->                                            <\/p>\n<td class=\"text-center\">N\u00e3o<\/td>\n<p><!-- [et_pb_line_break_holder] -->                                            <\/p>\n<td class=\"text-center\">Rendimento Garantido de 1%<\/td>\n<p><!-- [et_pb_line_break_holder] -->                                        <\/tr>\n<p><!-- [et_pb_line_break_holder] -->                                        <\/p>\n<tr><!-- [et_pb_line_break_holder] -->                                            <\/p>\n<th scope=\"row\">Suplementos dispon\u00edveis<\/th>\n<p><!-- [et_pb_line_break_holder] -->                                            <\/p>\n<td class=\"text-center\">Segurado Adicional, Tempor\u00e1rio Adicional, Morte Acidental, Benef\u00edcio Antecipado por Doen\u00e7a Terminal e Isen\u00e7\u00e3o de Pagamento de Pr\u00eamio<\/td>\n<p><!-- [et_pb_line_break_holder] -->                                            <\/p>\n<td class=\"text-center\">Segurado Adicional, Tempor\u00e1rio Adicional, Morte Acidental, Benef\u00edcio Antecipado por Doen\u00e7a Terminal e Isen\u00e7\u00e3o de Pagamento de Pr\u00eamio<\/td>\n<p><!-- [et_pb_line_break_holder] -->                                        <\/tr>\n<p><!-- [et_pb_line_break_holder] -->                                    <\/tbody>\n<p><!-- [et_pb_line_break_holder] -->                                <\/table>\n<p><!-- [et_pb_line_break_holder] -->                            <\/div>\n<p><!-- [et_pb_line_break_holder] -->                        <\/div>\n<p><!-- [et_pb_line_break_holder] -->                    <\/div>\n<p>[\/et_pb_code][\/et_pb_column][\/et_pb_row][\/et_pb_section][et_pb_section fb_built=&#8221;1&#8243; admin_label=&#8221;Testimonial&#8221; _builder_version=&#8221;4.27.4&#8243; use_background_color_gradient=&#8221;on&#8221; background_color_gradient_stops=&#8221;rgba(9,112,156,0.45) 0%|rgba(12,113,195,0.75) 100%&#8221; background_color_gradient_overlays_image=&#8221;on&#8221; background_color_gradient_start=&#8221;rgba(150,105,97,0.67)&#8221; background_color_gradient_end=&#8221;rgba(2,0,76,0.84)&#8221; background_image=&#8221;https:\/\/www.statetrustlife.com\/wp-content\/uploads\/2024\/11\/home-bg-2.jpg&#8221; background_position=&#8221;top_center&#8221; custom_margin=&#8221;|||&#8221; custom_padding=&#8221;10%|0px|10%|0px&#8221; locked=&#8221;off&#8221; global_colors_info=&#8221;{}&#8221;][et_pb_row _builder_version=&#8221;4.16&#8243; custom_margin=&#8221;|||&#8221; global_colors_info=&#8221;{}&#8221;][et_pb_column type=&#8221;4_4&#8243; _builder_version=&#8221;4.16&#8243; custom_padding=&#8221;|||&#8221; global_colors_info=&#8221;{}&#8221; custom_padding__hover=&#8221;|||&#8221;][et_pb_cta title=&#8221;Statetrust life&#8221; button_url=&#8221;https:\/\/www.statetrustlife.com\/pt-br\/?page_id=1807&#8243; button_text=&#8221;Busque seu plano&#8221; _builder_version=&#8221;4.27.4&#8243; header_font=&#8221;Lato|900||on|||||&#8221; header_font_size=&#8221;48px&#8221; header_letter_spacing=&#8221;2px&#8221; header_line_height=&#8221;1.2em&#8221; body_font=&#8221;Lato||||||||&#8221; body_font_size=&#8221;20px&#8221; body_line_height=&#8221;1.8em&#8221; use_background_color=&#8221;off&#8221; custom_button=&#8221;on&#8221; button_text_size=&#8221;16px&#8221; button_text_color=&#8221;#ffffff&#8221; button_bg_color=&#8221;#09709C&#8221; button_border_width=&#8221;6px&#8221; button_border_color=&#8221;#09709C&#8221; button_border_radius=&#8221;5px&#8221; button_letter_spacing=&#8221;2px&#8221; button_font=&#8221;Lato|900||on|||||&#8221; max_width=&#8221;750px&#8221; module_alignment=&#8221;center&#8221; animation_style=&#8221;fold&#8221; header_font_size_tablet=&#8221;40px&#8221; header_font_size_phone=&#8221;&#8221; header_font_size_last_edited=&#8221;on|tablet&#8221; header_text_shadow_style=&#8221;preset1&#8243; header_text_shadow_blur_strength=&#8221;0.6em&#8221; header_text_shadow_color=&#8221;rgba(0,0,0,0.24)&#8221; box_shadow_style_button=&#8221;preset3&#8243; box_shadow_blur_button=&#8221;30px&#8221; box_shadow_spread_button=&#8221;8px&#8221; box_shadow_color_button=&#8221;rgba(250,127,40,0.15)&#8221; button_letter_spacing_hover=&#8221;2px&#8221; global_colors_info=&#8221;{}&#8221; button_text_size__hover_enabled=&#8221;off&#8221; button_one_text_size__hover_enabled=&#8221;off&#8221; button_two_text_size__hover_enabled=&#8221;off&#8221; button_text_color__hover_enabled=&#8221;off&#8221; button_one_text_color__hover_enabled=&#8221;off&#8221; button_two_text_color__hover_enabled=&#8221;off&#8221; button_border_width__hover_enabled=&#8221;off&#8221; button_one_border_width__hover_enabled=&#8221;off&#8221; button_two_border_width__hover_enabled=&#8221;off&#8221; button_border_color__hover_enabled=&#8221;off&#8221; button_one_border_color__hover_enabled=&#8221;off&#8221; button_two_border_color__hover_enabled=&#8221;off&#8221; button_border_radius__hover_enabled=&#8221;off&#8221; button_one_border_radius__hover_enabled=&#8221;off&#8221; button_two_border_radius__hover_enabled=&#8221;off&#8221; button_letter_spacing__hover_enabled=&#8221;on&#8221; button_letter_spacing__hover=&#8221;2px&#8221; button_one_letter_spacing__hover_enabled=&#8221;off&#8221; button_two_letter_spacing__hover_enabled=&#8221;off&#8221; button_bg_color__hover_enabled=&#8221;off&#8221; button_one_bg_color__hover_enabled=&#8221;off&#8221; button_two_bg_color__hover_enabled=&#8221;off&#8221;]<\/p>\n<p><span data-teams=\"true\">Solu\u00e7\u00f5es financeiras para cada etapa da sua vida.<\/span><\/p>\n<p>[\/et_pb_cta][\/et_pb_column][\/et_pb_row][\/et_pb_section]<\/p>\n","protected":false},"excerpt":{"rendered":"<p>Seguros de Vida Universal A ess\u00eancia de um seguro de vida \u00e9 garantir, no momento do falecimento da pessoa segurada, uma quantia espec\u00edfica de fundos que devem ser pagos aos seus benefici\u00e1rios.Pr\u00eamio a partir de US$167 mensal Saiba maisPr\u00eamio a partir de US$167 mensal Saiba maisSolu\u00e7\u00f5es financeiras para cada etapa da sua vida.<\/p>\n","protected":false},"author":1,"featured_media":0,"parent":0,"menu_order":0,"comment_status":"closed","ping_status":"closed","template":"","meta":{"_et_pb_use_builder":"on","_et_pb_old_content":"","_et_gb_content_width":"","footnotes":""},"class_list":["post-1989","page","type-page","status-publish","hentry"],"_links":{"self":[{"href":"https:\/\/www.statetrustlife.com\/pt-br\/index.php\/wp-json\/wp\/v2\/pages\/1989"}],"collection":[{"href":"https:\/\/www.statetrustlife.com\/pt-br\/index.php\/wp-json\/wp\/v2\/pages"}],"about":[{"href":"https:\/\/www.statetrustlife.com\/pt-br\/index.php\/wp-json\/wp\/v2\/types\/page"}],"author":[{"embeddable":true,"href":"https:\/\/www.statetrustlife.com\/pt-br\/index.php\/wp-json\/wp\/v2\/users\/1"}],"replies":[{"embeddable":true,"href":"https:\/\/www.statetrustlife.com\/pt-br\/index.php\/wp-json\/wp\/v2\/comments?post=1989"}],"version-history":[{"count":5,"href":"https:\/\/www.statetrustlife.com\/pt-br\/index.php\/wp-json\/wp\/v2\/pages\/1989\/revisions"}],"predecessor-version":[{"id":2336,"href":"https:\/\/www.statetrustlife.com\/pt-br\/index.php\/wp-json\/wp\/v2\/pages\/1989\/revisions\/2336"}],"wp:attachment":[{"href":"https:\/\/www.statetrustlife.com\/pt-br\/index.php\/wp-json\/wp\/v2\/media?parent=1989"}],"curies":[{"name":"wp","href":"https:\/\/api.w.org\/{rel}","templated":true}]}}