{"id":2040,"date":"2024-11-08T22:51:58","date_gmt":"2024-11-08T22:51:58","guid":{"rendered":"https:\/\/www.statetrustlife.com\/index.php\/sobre-nos\/"},"modified":"2025-10-10T17:54:57","modified_gmt":"2025-10-10T17:54:57","slug":"sobre-nos","status":"publish","type":"page","link":"https:\/\/www.statetrustlife.com\/pt-br\/index.php\/sobre-nos\/","title":{"rendered":"Sobre N\u00f3s"},"content":{"rendered":"<p>[et_pb_section fb_built=&#8221;1&#8243; admin_label=&#8221;Blog&#8221; _builder_version=&#8221;4.27.4&#8243; min_height=&#8221;697.6px&#8221; custom_margin=&#8221;-176px|||||&#8221; custom_padding=&#8221;261px|0px|4px|0px||&#8221; locked=&#8221;off&#8221; global_colors_info=&#8221;{}&#8221;][et_pb_row column_structure=&#8221;1_2,1_2&#8243; _builder_version=&#8221;4.27.4&#8243; custom_margin=&#8221;|auto|16px|auto||&#8221; custom_padding=&#8221;3px|||||&#8221; global_colors_info=&#8221;{}&#8221;][et_pb_column type=&#8221;1_2&#8243; _builder_version=&#8221;4.16&#8243; custom_padding=&#8221;|||&#8221; global_colors_info=&#8221;{}&#8221; custom_padding__hover=&#8221;|||&#8221;][et_pb_text _builder_version=&#8221;4.27.4&#8243; text_font=&#8221;Lato||||||||&#8221; text_text_color=&#8221;#898f99&#8243; text_font_size=&#8221;18px&#8221; text_line_height=&#8221;2em&#8221; header_font=&#8221;||||||||&#8221; header_2_font=&#8221;Lato||||||||&#8221; header_3_font=&#8221;Lato|700|||||||&#8221; header_3_font_size=&#8221;36px&#8221; header_3_line_height=&#8221;1.5em&#8221; custom_margin=&#8221;60px|||&#8221; global_colors_info=&#8221;{}&#8221;]<\/p>\n<h3>Sobre N\u00f3s<\/h3>\n<p><span>Somos uma empresa global especializada em seguros de vida, planos de aposentadoria e educa\u00e7\u00e3o. Nossos produtos s\u00e3o projetados para fornecer prote\u00e7\u00e3o e cobertura multidivisa, ao mesmo tempo em que oferecemos solu\u00e7\u00f5es de planejamento financeiro para atender \u00e0s necessidades de nossos clientes. <\/span><\/p>\n<p>[\/et_pb_text][\/et_pb_column][et_pb_column type=&#8221;1_2&#8243; _builder_version=&#8221;4.16&#8243; custom_padding=&#8221;|||&#8221; global_colors_info=&#8221;{}&#8221; custom_padding__hover=&#8221;|||&#8221;][et_pb_image src=&#8221;https:\/\/www.statetrustlife.com\/wp-content\/uploads\/2024\/12\/GettyImages-1075463170.jpg&#8221; title_text=&#8221;Happy business team with arms crossed at the office.&#8221; align_tablet=&#8221;center&#8221; align_phone=&#8221;&#8221; align_last_edited=&#8221;on|desktop&#8221; _builder_version=&#8221;4.27.4&#8243; width=&#8221;100%&#8221; custom_margin=&#8221;|auto|-20px|auto|false|false&#8221; locked=&#8221;off&#8221; global_colors_info=&#8221;{}&#8221;][\/et_pb_image][\/et_pb_column][\/et_pb_row][\/et_pb_section][et_pb_section fb_built=&#8221;1&#8243; _builder_version=&#8221;4.16&#8243; background_color=&#8221;rgba(0,0,0,0.03)&#8221; background_position=&#8221;top_center&#8221; custom_margin=&#8221;|||&#8221; custom_padding=&#8221;100px||100px|&#8221; global_colors_info=&#8221;{}&#8221;][et_pb_row _builder_version=&#8221;4.16&#8243; custom_margin=&#8221;|||&#8221; locked=&#8221;off&#8221; global_colors_info=&#8221;{}&#8221;][et_pb_column type=&#8221;4_4&#8243; _builder_version=&#8221;4.16&#8243; custom_padding=&#8221;|||&#8221; global_colors_info=&#8221;{}&#8221; custom_padding__hover=&#8221;|||&#8221;][et_pb_text _builder_version=&#8221;4.16&#8243; text_font=&#8221;Lato||||||||&#8221; text_text_color=&#8221;#898f99&#8243; text_font_size=&#8221;18px&#8221; text_line_height=&#8221;2em&#8221; header_font=&#8221;||||||||&#8221; header_2_font=&#8221;Lato|700|||||||&#8221; header_2_font_size=&#8221;42px&#8221; header_2_line_height=&#8221;1.5em&#8221; text_orientation=&#8221;center&#8221; max_width=&#8221;800px&#8221; module_alignment=&#8221;center&#8221; locked=&#8221;off&#8221; global_colors_info=&#8221;{}&#8221;]<\/p>\n<h2><span>StateTrust Life &amp; Annuities<\/span><\/h2>\n<p>Na StateTrust Life &amp; Annuities, oferecemos solu\u00e7\u00f5es orientadas a proporcionar seguran\u00e7a financeira e ajudar a proteger o padr\u00e3o de vida de voc\u00ea e sua fam\u00edlia.<\/p>\n<p>Nossos produtos s\u00e3o direcionados ao mercado internacional e refletem os pontos fortes da empresa, que incluem amplas margens de solv\u00eancia, forte capitaliza\u00e7\u00e3o e resseguros globais emitidos pelas resseguradoras mais importantes e melhor classificadas da Europa.<\/p>\n<p>[\/et_pb_text][\/et_pb_column][\/et_pb_row][\/et_pb_section][et_pb_section fb_built=&#8221;1&#8243; _builder_version=&#8221;4.16&#8243; custom_padding=&#8221;100px|0px|100px|0px&#8221; global_colors_info=&#8221;{}&#8221;][et_pb_row column_structure=&#8221;1_2,1_2&#8243; _builder_version=&#8221;4.16&#8243; custom_margin=&#8221;|||&#8221; custom_width_px=&#8221;1440px&#8221; global_colors_info=&#8221;{}&#8221;][et_pb_column type=&#8221;1_2&#8243; _builder_version=&#8221;4.16&#8243; custom_padding=&#8221;|||&#8221; global_colors_info=&#8221;{}&#8221; custom_padding__hover=&#8221;|||&#8221;][et_pb_blurb title=&#8221;Nossa Vis\u00e3o&#8221; image=&#8221;https:\/\/www.statetrustlife.com\/wp-content\/uploads\/2024\/12\/icon_Vision.png&#8221; image_icon_width=&#8221;50%&#8221; _builder_version=&#8221;4.27.4&#8243; header_font=&#8221;Lato|900||on|||||&#8221; header_text_align=&#8221;center&#8221; header_font_size=&#8221;15px&#8221; header_letter_spacing=&#8221;1px&#8221; header_line_height=&#8221;1.4em&#8221; body_font=&#8221;Lato||||||||&#8221; body_text_color=&#8221;#898f99&#8243; body_font_size=&#8221;16px&#8221; body_line_height=&#8221;1.6em&#8221; body_ul_type=&#8221;circle&#8221; body_ul_item_indent=&#8221;19px&#8221; custom_margin=&#8221;|||&#8221; custom_padding=&#8221;|||&#8221; animation_style=&#8221;slide&#8221; animation_direction=&#8221;bottom&#8221; animation_intensity_slide=&#8221;4%&#8221; animation=&#8221;off&#8221; hover_enabled=&#8221;0&#8243; border_radii=&#8221;on|15px|15px|15px|15px&#8221; use_circle=&#8221;on&#8221; circle_color=&#8221;#3c39e6&#8243; global_colors_info=&#8221;{}&#8221; title_text=&#8221;icon_Vision&#8221; sticky_enabled=&#8221;0&#8243;]<\/p>\n<p>&nbsp;<\/p>\n<ul>\n<li>Oferecer produtos e servi\u00e7os da mais alta qualidade.<\/li>\n<li>Superar sempre as expectativas de nossos clientes.<\/li>\n<li>Assessorar e desenvolver estrat\u00e9gias que combinam instrumentos financeiros globais.<\/li>\n<li>Fornecer solu\u00e7\u00f5es multidivisa.<\/li>\n<\/ul>\n<p>[\/et_pb_blurb][\/et_pb_column][et_pb_column type=&#8221;1_2&#8243; _builder_version=&#8221;4.16&#8243; custom_padding=&#8221;|||&#8221; global_colors_info=&#8221;{}&#8221; custom_padding__hover=&#8221;|||&#8221;][et_pb_blurb title=&#8221;NOSSA FILOSOFIA&#8221; image=&#8221;https:\/\/www.statetrustlife.com\/wp-content\/uploads\/2024\/12\/icon_Valores.png&#8221; image_icon_width=&#8221;50%&#8221; _builder_version=&#8221;4.27.4&#8243; header_font=&#8221;Lato|900||on|||||&#8221; header_text_align=&#8221;center&#8221; header_font_size=&#8221;15px&#8221; header_letter_spacing=&#8221;1px&#8221; header_line_height=&#8221;1.4em&#8221; body_font=&#8221;Lato||||||||&#8221; body_text_color=&#8221;#898f99&#8243; body_font_size=&#8221;16px&#8221; body_line_height=&#8221;1.6em&#8221; body_ul_type=&#8221;circle&#8221; body_ul_item_indent=&#8221;19px&#8221; custom_margin=&#8221;|||&#8221; custom_padding=&#8221;|||&#8221; animation_style=&#8221;slide&#8221; animation_direction=&#8221;bottom&#8221; animation_intensity_slide=&#8221;4%&#8221; animation=&#8221;off&#8221; hover_enabled=&#8221;0&#8243; border_radii=&#8221;on|15px|15px|15px|15px&#8221; use_circle=&#8221;on&#8221; circle_color=&#8221;#3c39e6&#8243; locked=&#8221;off&#8221; global_colors_info=&#8221;{}&#8221; title_text=&#8221;icon_Valores&#8221; sticky_enabled=&#8221;0&#8243;]<\/p>\n<ul>\n<li>Ser uma organiza\u00e7\u00e3o orientada a resultados e desempenho.<\/li>\n<li>Contar com uma equipe de servi\u00e7o e suporte global e local.<\/li>\n<li>Entregar uma resposta r\u00e1pida, com excel\u00eancia na execu\u00e7\u00e3o.<\/li>\n<li>Distinguir-se por ser acess\u00edvel em todos os momentos.<\/li>\n<li>Atuar com precis\u00e3o, dilig\u00eancia e integridade.<\/li>\n<li>Estabelecer rela\u00e7\u00f5es de longo prazo, confidenciais e personalizadas, com cada um de seus clientes.<\/li>\n<li>Ter pleno entendimento das necessidades do cliente.<\/li>\n<li>Contar com tecnologia de ponta para o fornecimento dos servi\u00e7os.<\/li>\n<\/ul>\n<ul><\/ul>\n<p>[\/et_pb_blurb][\/et_pb_column][\/et_pb_row][\/et_pb_section][et_pb_section fb_built=&#8221;1&#8243; admin_label=&#8221;Hero section&#8221; _builder_version=&#8221;4.27.4&#8243; use_background_color_gradient=&#8221;on&#8221; background_color_gradient_stops=&#8221;rgba(12,142,197,0.34) 0%|rgba(0,44,67,0.82) 98%&#8221; background_color_gradient_overlays_image=&#8221;on&#8221; background_color_gradient_start=&#8221;rgba(150,105,97,0.67)&#8221; background_color_gradient_end=&#8221;rgba(2,0,76,0.84)&#8221; background_image=&#8221;https:\/\/www.statetrustlife.com\/wp-content\/uploads\/2024\/11\/home-bg-2.jpg&#8221; background_position=&#8221;top_center&#8221; custom_margin=&#8221;|||&#8221; custom_padding=&#8221;10%||10%|&#8221; locked=&#8221;off&#8221; global_colors_info=&#8221;{}&#8221;][et_pb_row _builder_version=&#8221;4.16&#8243; custom_margin=&#8221;|||&#8221; global_colors_info=&#8221;{}&#8221;][et_pb_column type=&#8221;4_4&#8243; _builder_version=&#8221;4.16&#8243; custom_padding=&#8221;|||&#8221; global_colors_info=&#8221;{}&#8221; custom_padding__hover=&#8221;|||&#8221;][et_pb_text _builder_version=&#8221;4.16&#8243; text_font=&#8221;Lato||||||||&#8221; text_font_size=&#8221;20px&#8221; text_line_height=&#8221;1.8em&#8221; header_font=&#8221;|900|||||||&#8221; header_2_font=&#8221;Lato|900||on|||||&#8221; header_2_font_size=&#8221;48px&#8221; header_2_letter_spacing=&#8221;2px&#8221; header_2_line_height=&#8221;1.2em&#8221; text_orientation=&#8221;center&#8221; background_layout=&#8221;dark&#8221; max_width=&#8221;750px&#8221; module_alignment=&#8221;center&#8221; animation_style=&#8221;fold&#8221; header_font_size_tablet=&#8221;46px&#8221; header_font_size_last_edited=&#8221;off|desktop&#8221; locked=&#8221;off&#8221; global_colors_info=&#8221;{}&#8221;]<\/p>\n<h2><span data-teams=\"true\">Seguros e planos feitos para sua tranquilidade<\/span><\/h2>\n<p>[\/et_pb_text][\/et_pb_column][\/et_pb_row][\/et_pb_section]<\/p>\n","protected":false},"excerpt":{"rendered":"<p>Sobre N\u00f3s Somos uma empresa global especializada em seguros de vida, planos de aposentadoria e educa\u00e7\u00e3o. Nossos produtos s\u00e3o projetados para fornecer prote\u00e7\u00e3o e cobertura multidivisa, ao mesmo tempo em que oferecemos solu\u00e7\u00f5es de planejamento financeiro para atender \u00e0s necessidades de nossos clientes. StateTrust Life &amp; Annuities Na StateTrust Life &amp; Annuities, oferecemos solu\u00e7\u00f5es orientadas [&hellip;]<\/p>\n","protected":false},"author":1,"featured_media":0,"parent":0,"menu_order":0,"comment_status":"closed","ping_status":"closed","template":"","meta":{"_et_pb_use_builder":"on","_et_pb_old_content":"","_et_gb_content_width":"","footnotes":""},"class_list":["post-2040","page","type-page","status-publish","hentry"],"_links":{"self":[{"href":"https:\/\/www.statetrustlife.com\/pt-br\/index.php\/wp-json\/wp\/v2\/pages\/2040"}],"collection":[{"href":"https:\/\/www.statetrustlife.com\/pt-br\/index.php\/wp-json\/wp\/v2\/pages"}],"about":[{"href":"https:\/\/www.statetrustlife.com\/pt-br\/index.php\/wp-json\/wp\/v2\/types\/page"}],"author":[{"embeddable":true,"href":"https:\/\/www.statetrustlife.com\/pt-br\/index.php\/wp-json\/wp\/v2\/users\/1"}],"replies":[{"embeddable":true,"href":"https:\/\/www.statetrustlife.com\/pt-br\/index.php\/wp-json\/wp\/v2\/comments?post=2040"}],"version-history":[{"count":5,"href":"https:\/\/www.statetrustlife.com\/pt-br\/index.php\/wp-json\/wp\/v2\/pages\/2040\/revisions"}],"predecessor-version":[{"id":2619,"href":"https:\/\/www.statetrustlife.com\/pt-br\/index.php\/wp-json\/wp\/v2\/pages\/2040\/revisions\/2619"}],"wp:attachment":[{"href":"https:\/\/www.statetrustlife.com\/pt-br\/index.php\/wp-json\/wp\/v2\/media?parent=2040"}],"curies":[{"name":"wp","href":"https:\/\/api.w.org\/{rel}","templated":true}]}}